{"id":5070,"date":"2021-02-24T09:47:21","date_gmt":"2021-02-24T09:47:21","guid":{"rendered":"https:\/\/leggupmarketing.com\/?page_id=5070"},"modified":"2021-03-23T09:39:20","modified_gmt":"2021-03-23T09:39:20","slug":"diseno-web","status":"publish","type":"page","link":"https:\/\/leggupmarketing.com\/es\/diseno-web\/","title":{"rendered":"Dise\u00f1o Web"},"content":{"rendered":"<p>[vc_row rt_row_background_width=\u00bbfullwidth\u00bb rt_row_content_width=\u00bbdefault\u00bb rt_row_style=\u00bbdefault-style\u00bb rt_row_height=\u00bb\u00bb rt_column_placement=\u00bbmiddle\u00bb rt_column_view=\u00bbequal_heights\u00bb rt_column_gaps=\u00bb\u00bb rt_row_shadows=\u00bb\u00bb rt_row_borders=\u00bbbottom\u00bb rt_bg_effect=\u00bbparallax\u00bb rt_bg_parallax_effect=\u00bb4&#8243; rt_bg_image_repeat=\u00bbno-repeat\u00bb rt_bg_size=\u00bbauto auto\u00bb rt_bg_position=\u00bbcenter center\u00bb rt_bg_layer=\u00bb\u00bb rt_bg_video_format=\u00bbself-hosted\u00bb rt_row_paddings=\u00bbtrue\u00bb rt_padding_top=\u00bb60&#8243; rt_padding_bottom=\u00bb0&#8243; rt_class=\u00bbrt-4934441&#8243; rt_paddings=\u00bb60px,0px,,\u00bb rt_margins=\u00bb,,,\u00bb rt_content_margins=\u00bb,,,\u00bb rt_tablet_paddings=\u00bb,,,\u00bb rt_tablet_margins=\u00bb,,,\u00bb rt_tablet_content_margins=\u00bb,,,\u00bb rt_sp_paddings=\u00bb,,,\u00bb rt_sp_margins=\u00bb,,,\u00bb rt_sp_content_margins=\u00bb,,,\u00bb rt_bg_image=\u00bb4052&#8243;][vc_column rt_bg_effect=\u00bbclassic\u00bb rt_bg_image_repeat=\u00bbno-repeat\u00bb rt_bg_size=\u00bbcontain\u00bb rt_bg_position=\u00bbcenter center\u00bb rt_bg_attachment=\u00bbscroll\u00bb rt_col_paddings=\u00bbtrue\u00bb rt_wrp_col_paddings=\u00bbfalse\u00bb tablet_text_align=\u00bb\u00bb mobile_text_align=\u00bb\u00bb rt_bg_color=\u00bb\u00bb rt_bg_overlay_color=\u00bb\u00bb offset=\u00bbvc_col-md-6&#8243; rt_class=\u00bbrt-4727885&#8243; rt_margins=\u00bb,\u00bb rt_paddings=\u00bb40px,0,,\u00bb rt_wrapper_paddings=\u00bb,,,\u00bb rt_tablet_margins=\u00bb,\u00bb rt_tablet_paddings=\u00bb,,,\u00bb rt_tablet_wrapper_paddings=\u00bb,,,\u00bb rt_sp_margins=\u00bb,\u00bb rt_sp_paddings=\u00bb,,,\u00bb rt_sp_wrapper_paddings=\u00bb,,,\u00bb]<div class=\"rt-heading-wrapper style-5 rt-9384105\">\n\t\t\t\t\t\t<span class=\"punchline\">Edici\u00f3n de Video<\/span><h1 class=\"rt-heading style-5 with_punchline\" >DISE\u00d1O WEB<\/h1>\n\t\t\t\t\t<\/div>[vc_column_text 0=\u00bb\u00bb]El dise\u00f1o es m\u00e1s que la apariencia de su sitio web; se trata de transmitir un mensaje y brindar a sus visitantes una experiencia inolvidable. Creamos una p\u00e1gina que se alinea con sus clientes e involucra a los visitantes para que reconozcan su marca.<br \/>\n[\/vc_column_text][\/vc_column][vc_column tablet_align=\u00bbcenter\u00bb mobile_align=\u00bbcenter\u00bb rt_bg_effect=\u00bbclassic\u00bb rt_bg_image_repeat=\u00bbrepeat\u00bb rt_bg_size=\u00bbauto auto\u00bb rt_bg_position=\u00bbright top\u00bb rt_bg_attachment=\u00bbscroll\u00bb rt_col_paddings=\u00bbtrue\u00bb rt_wrp_col_paddings=\u00bbfalse\u00bb tablet_text_align=\u00bb\u00bb mobile_text_align=\u00bb\u00bb class=\u00bbtablet-text-center\u00bb rt_bg_color=\u00bb\u00bb rt_bg_overlay_color=\u00bb\u00bb rt_padding_top=\u00bb40&#8243; rt_padding_bottom=\u00bb40&#8243; offset=\u00bbvc_col-md-6&#8243; rt_class=\u00bbrt-3700346&#8243; rt_margins=\u00bb,\u00bb rt_paddings=\u00bb40px,40px,,\u00bb rt_wrapper_paddings=\u00bb,,,\u00bb rt_tablet_margins=\u00bb,\u00bb rt_tablet_paddings=\u00bb,80px,,\u00bb rt_tablet_wrapper_paddings=\u00bb,,,\u00bb rt_sp_margins=\u00bb,\u00bb rt_sp_paddings=\u00bb,80px,,\u00bb rt_sp_wrapper_paddings=\u00bb,,,\u00bb][vc_single_image image=\u00bb5072&#8243; img_size=\u00bbfull\u00bb alignment=\u00bbcenter\u00bb el_class=\u00bbnomargin\u00bb][vc_separator style=\u00bbstyle-1&#8243; color_type=\u00bbcustom\u00bb rt_class=\u00bbrt-1452015&#8243; margins=\u00bb0,,,\u00bb class=\u00bbhidden-md hidden-lg\u00bb color=\u00bb#ffffff\u00bb height=\u00bb10px\u00bb][\/vc_column][\/vc_row][vc_row rt_row_background_width=\u00bbfullwidth\u00bb rt_row_content_width=\u00bbdefault\u00bb rt_row_style=\u00bbdefault-style\u00bb rt_row_height=\u00bb\u00bb rt_column_placement=\u00bbmiddle\u00bb rt_column_gaps=\u00bb\u00bb rt_row_shadows=\u00bb\u00bb rt_row_borders=\u00bb\u00bb rt_bg_effect=\u00bbclassic\u00bb rt_bg_image_repeat=\u00bbno-repeat\u00bb rt_bg_size=\u00bbauto auto\u00bb rt_bg_position=\u00bbcenter bottom\u00bb rt_bg_attachment=\u00bbscroll\u00bb rt_bg_layer=\u00bb\u00bb rt_bg_video_format=\u00bbself-hosted\u00bb rt_class=\u00bbrt-8236302&#8243; rt_paddings=\u00bb75px,25px,,\u00bb rt_margins=\u00bb,,,\u00bb rt_content_margins=\u00bb,,,\u00bb rt_tablet_paddings=\u00bb,,,\u00bb rt_tablet_margins=\u00bb,,,\u00bb rt_tablet_content_margins=\u00bb,,,\u00bb rt_sp_paddings=\u00bb,,,\u00bb rt_sp_margins=\u00bb,,,\u00bb rt_sp_content_margins=\u00bb,,,\u00bb rt_bg_color=\u00bb#f4f4f4&#8243;][vc_column width=\u00bb2\/3&#8243; tablet_align=\u00bbcenter\u00bb mobile_align=\u00bbcenter\u00bb rt_bg_effect=\u00bbclassic\u00bb rt_bg_image_repeat=\u00bbrepeat\u00bb rt_bg_size=\u00bbauto auto\u00bb rt_bg_position=\u00bbright top\u00bb rt_bg_attachment=\u00bbscroll\u00bb rt_class=\u00bbrt-7966690&#8243; rt_margins=\u00bb,\u00bb rt_paddings=\u00bb20,20,,\u00bb rt_wrapper_paddings=\u00bb,,,\u00bb rt_tablet_margins=\u00bb,\u00bb rt_tablet_paddings=\u00bb,,,\u00bb rt_tablet_wrapper_paddings=\u00bb,,,\u00bb rt_sp_margins=\u00bb,\u00bb rt_sp_paddings=\u00bb,,,\u00bb rt_sp_wrapper_paddings=\u00bb,,,\u00bb rt_bg_color=\u00bb\u00bb rt_bg_overlay_color=\u00bb\u00bb]<div class=\"rt-heading-wrapper style-2 rt-6879221\">\n\t\t\t\t\t\t<h4 class=\"rt-heading style-2\" >\u00bfC\u00f3mo ayuda el Dise\u00f1o Web a tu negocio?<\/h4>\n\t\t\t\t\t<\/div>[\/vc_column][vc_column width=\u00bb1\/3&#8243; rt_bg_effect=\u00bbclassic\u00bb rt_bg_image_repeat=\u00bbrepeat\u00bb rt_bg_size=\u00bbauto auto\u00bb rt_bg_position=\u00bbright top\u00bb rt_bg_attachment=\u00bbscroll\u00bb rt_class=\u00bbrt-6931233&#8243; rt_margins=\u00bb,\u00bb rt_paddings=\u00bb20,20,,\u00bb rt_wrapper_paddings=\u00bb,,,\u00bb rt_tablet_margins=\u00bb,\u00bb rt_tablet_paddings=\u00bb,,,\u00bb rt_tablet_wrapper_paddings=\u00bb,,,\u00bb rt_sp_margins=\u00bb,\u00bb rt_sp_paddings=\u00bb,,,\u00bb rt_sp_wrapper_paddings=\u00bb,,,\u00bb rt_bg_color=\u00bb\u00bb rt_bg_overlay_color=\u00bb\u00bb][\/vc_column][\/vc_row][vc_row rt_row_background_width=\u00bbfullwidth\u00bb rt_row_content_width=\u00bbdefault\u00bb rt_row_style=\u00bbdefault-style\u00bb rt_row_height=\u00bb\u00bb rt_column_view=\u00bbequal_heights\u00bb rt_column_gaps=\u00bb\u00bb rt_row_shadows=\u00bb\u00bb rt_row_borders=\u00bb\u00bb rt_row_border_width=\u00bbdefault\u00bb rt_bg_effect=\u00bbclassic\u00bb rt_bg_image_repeat=\u00bbrepeat\u00bb rt_bg_size=\u00bbcover\u00bb rt_bg_position=\u00bbright top\u00bb rt_bg_attachment=\u00bbscroll\u00bb rt_bg_layer=\u00bb\u00bb rt_bg_video_format=\u00bbself-hosted\u00bb rt_row_paddings=\u00bbfalse\u00bb rt_class=\u00bbrt-6981458&#8243; rt_paddings=\u00bb40,20,,\u00bb rt_margins=\u00bb,,,\u00bb rt_content_margins=\u00bb,,,\u00bb rt_tablet_paddings=\u00bb,,,\u00bb rt_tablet_margins=\u00bb,,,\u00bb rt_tablet_content_margins=\u00bb0,,,\u00bb rt_sp_paddings=\u00bb,,,\u00bb rt_sp_margins=\u00bb,,,\u00bb rt_sp_content_margins=\u00bb0,,,\u00bb rt_bg_color=\u00bb#f4f4f4&#8243;][vc_column width=\u00bb1\/3&#8243; rt_column_boxed=\u00bbtrue\u00bb rt_bg_effect=\u00bbclassic\u00bb rt_bg_holder=\u00bbwrapper\u00bb rt_bg_image=\u00bb5140&#8243; rt_bg_image_repeat=\u00bbrepeat\u00bb rt_bg_size=\u00bbcover\u00bb rt_bg_position=\u00bbright top\u00bb rt_bg_attachment=\u00bbscroll\u00bb rt_col_paddings=\u00bbtrue\u00bb rt_wrp_col_paddings=\u00bbfalse\u00bb tablet_text_align=\u00bb\u00bb mobile_text_align=\u00bb\u00bb rt_padding_top=\u00bb60&#8243; rt_padding_bottom=\u00bb60&#8243; rt_bg_color=\u00bb\u00bb rt_bg_overlay_color=\u00bb\u00bb offset=\u00bbvc_col-md-4 vc_col-xs-12&#8243; rt_class=\u00bbrt-8085147&#8243; rt_margins=\u00bb,\u00bb rt_paddings=\u00bb,,,\u00bb rt_wrapper_paddings=\u00bb40px,40px,,\u00bb rt_tablet_margins=\u00bb,\u00bb rt_tablet_paddings=\u00bb,,,\u00bb rt_tablet_wrapper_paddings=\u00bb,,,\u00bb rt_sp_margins=\u00bb,\u00bb rt_sp_paddings=\u00bb,,,\u00bb rt_sp_wrapper_paddings=\u00bb,,,\u00bb][vc_empty_space height=\u00bb400px\u00bb][\/vc_column][vc_column width=\u00bb1\/3&#8243; rt_column_boxed=\u00bbtrue\u00bb rt_bg_effect=\u00bbclassic\u00bb rt_bg_holder=\u00bbwrapper\u00bb rt_bg_image=\u00bb5144&#8243; rt_bg_image_repeat=\u00bbrepeat\u00bb rt_bg_size=\u00bbcover\u00bb rt_bg_position=\u00bbcenter center\u00bb rt_bg_attachment=\u00bbscroll\u00bb rt_col_paddings=\u00bbtrue\u00bb rt_wrp_col_paddings=\u00bbfalse\u00bb tablet_text_align=\u00bb\u00bb mobile_text_align=\u00bb\u00bb rt_padding_top=\u00bb60&#8243; rt_padding_bottom=\u00bb60&#8243; rt_bg_color=\u00bb\u00bb rt_bg_overlay_color=\u00bb\u00bb offset=\u00bbvc_col-xs-12&#8243; rt_class=\u00bbrt-6783496&#8243; rt_margins=\u00bb,\u00bb rt_paddings=\u00bb,,,\u00bb rt_wrapper_paddings=\u00bb40px,40px,,\u00bb rt_tablet_margins=\u00bb,\u00bb rt_tablet_paddings=\u00bb,,,\u00bb rt_tablet_wrapper_paddings=\u00bb,,,\u00bb rt_sp_margins=\u00bb,\u00bb rt_sp_paddings=\u00bb,,,\u00bb rt_sp_wrapper_paddings=\u00bb,,,\u00bb][vc_empty_space height=\u00bb400px\u00bb][\/vc_column][vc_column width=\u00bb1\/3&#8243; rt_column_boxed=\u00bbtrue\u00bb rt_bg_effect=\u00bbclassic\u00bb rt_bg_holder=\u00bbwrapper\u00bb rt_bg_image=\u00bb5148&#8243; rt_bg_image_repeat=\u00bbrepeat\u00bb rt_bg_size=\u00bbcover\u00bb rt_bg_position=\u00bbcenter center\u00bb rt_bg_attachment=\u00bbscroll\u00bb rt_col_paddings=\u00bbtrue\u00bb rt_wrp_col_paddings=\u00bbfalse\u00bb tablet_text_align=\u00bb\u00bb mobile_text_align=\u00bb\u00bb rt_padding_top=\u00bb60&#8243; rt_padding_bottom=\u00bb60&#8243; rt_bg_color=\u00bb\u00bb rt_bg_overlay_color=\u00bb\u00bb offset=\u00bbvc_col-xs-12&#8243; rt_class=\u00bbrt-1405320&#8243; rt_margins=\u00bb,\u00bb rt_paddings=\u00bb,,,\u00bb rt_wrapper_paddings=\u00bb40px,40px,,\u00bb rt_tablet_margins=\u00bb,\u00bb rt_tablet_paddings=\u00bb,,,\u00bb rt_tablet_wrapper_paddings=\u00bb,,,\u00bb rt_sp_margins=\u00bb,\u00bb rt_sp_paddings=\u00bb,,,\u00bb rt_sp_wrapper_paddings=\u00bb,,,\u00bb][vc_empty_space height=\u00bb400px\u00bb][\/vc_column][\/vc_row][vc_row rt_row_background_width=\u00bbfullwidth\u00bb rt_row_content_width=\u00bbdefault\u00bb rt_row_style=\u00bbdefault-style\u00bb rt_row_height=\u00bb\u00bb rt_column_gaps=\u00bb\u00bb rt_row_shadows=\u00bb\u00bb rt_row_borders=\u00bb\u00bb rt_bg_effect=\u00bbclassic\u00bb rt_bg_image_repeat=\u00bbrepeat\u00bb rt_bg_size=\u00bbcover\u00bb rt_bg_position=\u00bbright top\u00bb rt_bg_attachment=\u00bbscroll\u00bb rt_bg_layer=\u00bb\u00bb rt_bg_video_format=\u00bbself-hosted\u00bb][vc_column width=\u00bb1\/2&#8243; rt_bg_effect=\u00bbclassic\u00bb rt_bg_image_repeat=\u00bbrepeat\u00bb rt_bg_size=\u00bbauto auto\u00bb rt_bg_position=\u00bbright top\u00bb rt_bg_attachment=\u00bbscroll\u00bb][vc_single_image image=\u00bb5235&#8243; img_size=\u00bbfull\u00bb alignment=\u00bbcenter\u00bb style=\u00bbvc_box_shadow\u00bb][\/vc_column][vc_column width=\u00bb1\/2&#8243; rt_bg_effect=\u00bbclassic\u00bb rt_bg_image_repeat=\u00bbrepeat\u00bb rt_bg_size=\u00bbauto auto\u00bb rt_bg_position=\u00bbright top\u00bb rt_bg_attachment=\u00bbscroll\u00bb]<span class=\"businesslounge-icon icon-quote-left  primary-color\" style=\"margin-bottom:40px;\"><\/span><div class=\"rt-heading-wrapper rt-8392057\">\n\t\t\t\t\t\t<h4 class=\"rt-heading\" >Trabajar con Lelia y el equipo de Legg Up fue un placer.<\/h4>\n\t\t\t\t\t<\/div>[vc_column_text]Rehicieron mi sitio web y fueron extremadamente profesionales, meticulosos y pacientes conmigo mientras realizaban mis (muchas) revisiones. Tambi\u00e9n agradeci\u00f3 preguntas adicionales incluso despu\u00e9s de que el producto estuviera completo. Ella se asegur\u00f3 de que yo entendiera que estaba hecho y c\u00f3mo usar el nuevo sistema que ahora tengo. Incluso me cre\u00f3 un tutorial sobre c\u00f3mo usar mi nuevo sitio. Estoy contento con el resultado final, los recomiendo encarecidamente y volver\u00e9 a trabajar con ellos.<\/p>\n<p><strong>Casie Dionne<\/strong>[\/vc_column_text][\/vc_column][\/vc_row][vc_row rt_row_background_width=\u00bbfullwidth\u00bb rt_row_content_width=\u00bbdefault\u00bb rt_row_style=\u00bbdefault-style\u00bb rt_row_height=\u00bb\u00bb rt_column_placement=\u00bbmiddle\u00bb rt_column_view=\u00bbequal_heights\u00bb rt_column_gaps=\u00bb\u00bb rt_row_shadows=\u00bb\u00bb rt_row_borders=\u00bb\u00bb rt_bg_effect=\u00bbclassic\u00bb rt_bg_image_repeat=\u00bbrepeat\u00bb rt_bg_size=\u00bbcover\u00bb rt_bg_position=\u00bbright top\u00bb rt_bg_attachment=\u00bbscroll\u00bb rt_bg_layer=\u00bb\u00bb rt_bg_video_format=\u00bbself-hosted\u00bb rt_row_paddings=\u00bbtrue\u00bb rt_padding_top=\u00bb60&#8243; rt_padding_bottom=\u00bb0&#8243; rt_class=\u00bbrt-9079620&#8243; rt_paddings=\u00bb80,80,,\u00bb rt_margins=\u00bb,,,\u00bb rt_content_margins=\u00bb,,,\u00bb rt_tablet_paddings=\u00bb,,,\u00bb rt_tablet_margins=\u00bb,,,\u00bb rt_tablet_content_margins=\u00bb,,,\u00bb rt_sp_paddings=\u00bb,,,\u00bb rt_sp_margins=\u00bb,,,\u00bb rt_sp_content_margins=\u00bb,,,\u00bb rt_bg_color=\u00bb#efefef\u00bb][vc_column tablet_align=\u00bbcenter\u00bb mobile_align=\u00bbcenter\u00bb rt_bg_effect=\u00bbclassic\u00bb rt_bg_image_repeat=\u00bbrepeat\u00bb rt_bg_size=\u00bbauto auto\u00bb rt_bg_position=\u00bbright top\u00bb rt_bg_attachment=\u00bbscroll\u00bb rt_col_paddings=\u00bbtrue\u00bb rt_wrp_col_paddings=\u00bbfalse\u00bb tablet_text_align=\u00bb\u00bb mobile_text_align=\u00bb\u00bb rt_bg_color=\u00bb\u00bb rt_bg_overlay_color=\u00bb\u00bb rt_padding_top=\u00bb40&#8243; rt_padding_bottom=\u00bb40&#8243; offset=\u00bbvc_col-md-6&#8243; rt_class=\u00bbrt-6439935&#8243; rt_margins=\u00bb,\u00bb rt_paddings=\u00bb20px,20px,,40px\u00bb rt_wrapper_paddings=\u00bb,,,\u00bb rt_tablet_margins=\u00bb,\u00bb rt_tablet_paddings=\u00bb,,10%,10%\u00bb rt_tablet_wrapper_paddings=\u00bb,,,\u00bb rt_sp_margins=\u00bb,\u00bb rt_sp_paddings=\u00bb,,5%,5%\u00bb rt_sp_wrapper_paddings=\u00bb,,,\u00bb]\n\t\t<article class=\"content-box content-box2\">\n\t\t<div class=\"rt-heading-wrapper\">\n\t\t\t\t\t\t<span class=\"punchline\">COTICE CON NOSOTROS<\/span><h4 class=\"rt-heading with_punchline\"  style=\"margin-bottom:50px!important;\">Tenemos la Soluci\u00f3n para su Empresa<\/h4>\n\t\t\t\t\t<\/div>\n\t\t<div class=\"content-holder\">\n\t\t\t\n<div  class=\"bullet-list style-1  check\">\n<ul>\n<li>Los Mejores Servicios.<\/li>\n<li>Los Mejores Precios.<\/li>\n<li>El Mejor Equipo Legg Up Marketing<\/li>\n<\/ul><\/div>\n\n\t\t\t\n\t\t<\/div>\n\t\t<\/article>\n\t\t[\/vc_column][vc_column rt_column_boxed=\u00bbtrue\u00bb rt_bg_effect=\u00bbclassic\u00bb rt_bg_image_repeat=\u00bbno-repeat\u00bb rt_bg_size=\u00bbcontain\u00bb rt_bg_position=\u00bbcenter center\u00bb rt_bg_attachment=\u00bbscroll\u00bb rt_col_paddings=\u00bbtrue\u00bb rt_wrp_col_paddings=\u00bbfalse\u00bb tablet_text_align=\u00bb\u00bb mobile_text_align=\u00bb\u00bb rt_bg_color=\u00bb\u00bb rt_bg_overlay_color=\u00bb\u00bb offset=\u00bbvc_col-md-6&#8243; rt_class=\u00bbrt-8107155&#8243; rt_margins=\u00bb,\u00bb rt_paddings=\u00bb,,,\u00bb rt_wrapper_paddings=\u00bb,,,\u00bb rt_tablet_margins=\u00bb,\u00bb rt_tablet_paddings=\u00bb,,,\u00bb rt_tablet_wrapper_paddings=\u00bb,,,\u00bb rt_sp_margins=\u00bb,\u00bb rt_sp_paddings=\u00bb,,,\u00bb rt_sp_wrapper_paddings=\u00bb,,,\u00bb]<div role=\"form\" class=\"wpcf7\" id=\"wpcf7-f5-o1\" lang=\"es-ES\" dir=\"ltr\">\n<div class=\"screen-reader-response\"><p role=\"status\" aria-live=\"polite\" aria-atomic=\"true\"><\/p> <ul><\/ul><\/div>\n<form action=\"\/es\/wp-json\/wp\/v2\/pages\/5070\/#wpcf7-f5-o1\" method=\"post\" class=\"wpcf7-form init\" novalidate=\"novalidate\" data-status=\"init\">\n<div style=\"display: none;\">\n<input type=\"hidden\" name=\"_wpcf7\" value=\"5\" \/>\n<input type=\"hidden\" name=\"_wpcf7_version\" value=\"5.4\" \/>\n<input type=\"hidden\" name=\"_wpcf7_locale\" value=\"es_ES\" \/>\n<input type=\"hidden\" name=\"_wpcf7_unit_tag\" value=\"wpcf7-f5-o1\" \/>\n<input type=\"hidden\" name=\"_wpcf7_container_post\" value=\"0\" \/>\n<input type=\"hidden\" name=\"_wpcf7_posted_data_hash\" value=\"\" \/>\n<\/div>\n<div class=\"rt_form\">\n<ul>\n<li class=\"form-input\"><span class=\"wpcf7-form-control-wrap your-name\"><input type=\"text\" name=\"your-name\" value=\"\" size=\"40\" class=\"wpcf7-form-control wpcf7-text wpcf7-validates-as-required fullwidth\" aria-required=\"true\" aria-invalid=\"false\" placeholder=\"Nombre (*)\" \/><\/span><\/li>\n<li class=\"form-input\"><span class=\"wpcf7-form-control-wrap your-email\"><input type=\"email\" name=\"your-email\" value=\"\" size=\"40\" class=\"wpcf7-form-control wpcf7-text wpcf7-email wpcf7-validates-as-required wpcf7-validates-as-email fullwidth\" aria-required=\"true\" aria-invalid=\"false\" placeholder=\"Email (*)\" \/><\/span><\/li>\n<li class=\"form-input\"><span class=\"wpcf7-form-control-wrap your-subject\"><input type=\"text\" name=\"your-subject\" value=\"\" size=\"40\" class=\"wpcf7-form-control wpcf7-text wpcf7-validates-as-required fullwidth\" aria-required=\"true\" aria-invalid=\"false\" placeholder=\"Asunto\" \/><\/span><\/li>\n<li class=\"form-input\"><span class=\"wpcf7-form-control-wrap your-message\"><textarea name=\"your-message\" cols=\"40\" rows=\"10\" class=\"wpcf7-form-control wpcf7-textarea wpcf7-validates-as-required fullwidth\" aria-required=\"true\" aria-invalid=\"false\" placeholder=\"Plat\u00edquenos sobre lo que requiere (*)\"><\/textarea><\/span><\/li>\n<li class=\"submit-button\"><input type=\"submit\" value=\"Enviar\" class=\"wpcf7-form-control wpcf7-submit\" \/><\/li>\n<\/ul>\n<\/div>\n<div class=\"wpcf7-response-output\" aria-hidden=\"true\"><\/div><\/form><\/div>[\/vc_column][\/vc_row]<\/p>\n","protected":false},"excerpt":{"rendered":"<p>[vc_row rt_row_background_width=\u00bbfullwidth\u00bb rt_row_content_width=\u00bbdefault\u00bb rt_row_style=\u00bbdefault-style\u00bb rt_row_height=\u00bb\u00bb rt_column_placement=\u00bbmiddle\u00bb rt_column_view=\u00bbequal_heights\u00bb rt_column_gaps=\u00bb\u00bb rt_row_shadows=\u00bb\u00bb rt_row_borders=\u00bbbottom\u00bb rt_bg_effect=\u00bbparallax\u00bb rt_bg_parallax_effect=\u00bb4&#8243; rt_bg_image_repeat=\u00bbno-repeat\u00bb rt_bg_size=\u00bbauto auto\u00bb rt_bg_position=\u00bbcenter center\u00bb rt_bg_layer=\u00bb\u00bb rt_bg_video_format=\u00bbself-hosted\u00bb rt_row_paddings=\u00bbtrue\u00bb rt_padding_top=\u00bb60&#8243; rt_padding_bottom=\u00bb0&#8243; rt_class=\u00bbrt-4934441&#8243; rt_paddings=\u00bb60px,0px,,\u00bb rt_margins=\u00bb,,,\u00bb rt_content_margins=\u00bb,,,\u00bb rt_tablet_paddings=\u00bb,,,\u00bb rt_tablet_margins=\u00bb,,,\u00bb rt_tablet_content_margins=\u00bb,,,\u00bb rt_sp_paddings=\u00bb,,,\u00bb rt_sp_margins=\u00bb,,,\u00bb rt_sp_content_margins=\u00bb,,,\u00bb rt_bg_image=\u00bb4052&#8243;][vc_column rt_bg_effect=\u00bbclassic\u00bb rt_bg_image_repeat=\u00bbno-repeat\u00bb rt_bg_size=\u00bbcontain\u00bb rt_bg_position=\u00bbcenter center\u00bb rt_bg_attachment=\u00bbscroll\u00bb rt_col_paddings=\u00bbtrue\u00bb rt_wrp_col_paddings=\u00bbfalse\u00bb tablet_text_align=\u00bb\u00bb mobile_text_align=\u00bb\u00bb rt_bg_color=\u00bb\u00bb rt_bg_overlay_color=\u00bb\u00bb offset=\u00bbvc_col-md-6&#8243; rt_class=\u00bbrt-4727885&#8243; rt_margins=\u00bb,\u00bb rt_paddings=\u00bb40px,0,,\u00bb rt_wrapper_paddings=\u00bb,,,\u00bb rt_tablet_margins=\u00bb,\u00bb rt_tablet_paddings=\u00bb,,,\u00bb rt_tablet_wrapper_paddings=\u00bb,,,\u00bb rt_sp_margins=\u00bb,\u00bb rt_sp_paddings=\u00bb,,,\u00bb [&hellip;]<\/p>\n","protected":false},"author":1,"featured_media":0,"parent":0,"menu_order":0,"comment_status":"closed","ping_status":"closed","template":"","meta":{"sfsi_plus_gutenberg_text_before_share":"","sfsi_plus_gutenberg_show_text_before_share":"","sfsi_plus_gutenberg_icon_type":"","sfsi_plus_gutenberg_icon_alignemt":"","sfsi_plus_gutenburg_max_per_row":""},"_links":{"self":[{"href":"https:\/\/leggupmarketing.com\/es\/wp-json\/wp\/v2\/pages\/5070\/"}],"collection":[{"href":"https:\/\/leggupmarketing.com\/es\/wp-json\/wp\/v2\/pages\/"}],"about":[{"href":"https:\/\/leggupmarketing.com\/es\/wp-json\/wp\/v2\/types\/page\/"}],"author":[{"embeddable":true,"href":"https:\/\/leggupmarketing.com\/es\/wp-json\/wp\/v2\/users\/1\/"}],"replies":[{"embeddable":true,"href":"https:\/\/leggupmarketing.com\/es\/wp-json\/wp\/v2\/comments\/?post=5070"}],"version-history":[{"count":7,"href":"https:\/\/leggupmarketing.com\/es\/wp-json\/wp\/v2\/pages\/5070\/revisions\/"}],"predecessor-version":[{"id":5348,"href":"https:\/\/leggupmarketing.com\/es\/wp-json\/wp\/v2\/pages\/5070\/revisions\/5348\/"}],"wp:attachment":[{"href":"https:\/\/leggupmarketing.com\/es\/wp-json\/wp\/v2\/media\/?parent=5070"}],"curies":[{"name":"wp","href":"https:\/\/api.w.org\/{rel}","templated":true}]}}