{"id":4015,"date":"2017-06-29T05:59:20","date_gmt":"2017-06-29T05:59:20","guid":{"rendered":"http:\/\/businesslounge-demo.rtthemes.com\/?page_id=4015"},"modified":"2021-03-16T22:09:25","modified_gmt":"2021-03-16T22:09:25","slug":"inicio","status":"publish","type":"page","link":"https:\/\/leggupmarketing.com\/es\/","title":{"rendered":"Bienvenidos"},"content":{"rendered":"<p>[vc_row rt_row_background_width=\u00bbfullwidth\u00bb rt_row_content_width=\u00bbfullwidth\u00bb rt_row_style=\u00bbdefault-style\u00bb rt_row_height=\u00bb\u00bb rt_column_gaps=\u00bb\u00bb rt_row_shadows=\u00bb\u00bb rt_row_borders=\u00bb\u00bb rt_bg_effect=\u00bbclassic\u00bb rt_bg_image_repeat=\u00bbno-repeat\u00bb rt_bg_size=\u00bbcover\u00bb rt_bg_position=\u00bbright top\u00bb rt_bg_attachment=\u00bbscroll\u00bb rt_bg_layer=\u00bb\u00bb rt_bg_video_format=\u00bbself-hosted\u00bb rt_row_paddings=\u00bbfalse\u00bb rt_class=\u00bbrt-797579&#8243; rt_paddings=\u00bb0,0,,\u00bb rt_margins=\u00bb,,,\u00bb rt_content_margins=\u00bb,,,\u00bb rt_tablet_paddings=\u00bb,,,\u00bb rt_tablet_margins=\u00bb,,,\u00bb rt_tablet_content_margins=\u00bb,,,\u00bb rt_sp_paddings=\u00bb,,,\u00bb rt_sp_margins=\u00bb,,,\u00bb rt_sp_content_margins=\u00bb,,,\u00bb][vc_column rt_column_shadow=\u00bbtrue\u00bb rt_bg_effect=\u00bbclassic\u00bb rt_bg_image_repeat=\u00bbrepeat\u00bb rt_bg_size=\u00bbauto auto\u00bb rt_bg_position=\u00bbright top\u00bb rt_bg_attachment=\u00bbscroll\u00bb rt_col_paddings=\u00bbfalse\u00bb rt_wrp_col_paddings=\u00bbfalse\u00bb tablet_text_align=\u00bb\u00bb mobile_text_align=\u00bb\u00bb rt_bg_color=\u00bb\u00bb rt_bg_overlay_color=\u00bb\u00bb rt_class=\u00bbrt-1405700&#8243; rt_margins=\u00bb,\u00bb rt_paddings=\u00bb,,0px,0px\u00bb rt_wrapper_paddings=\u00bb,,,\u00bb rt_tablet_margins=\u00bb,\u00bb rt_tablet_paddings=\u00bb,,,\u00bb rt_tablet_wrapper_paddings=\u00bb,,,\u00bb rt_sp_margins=\u00bb,\u00bb rt_sp_paddings=\u00bb,,,\u00bb rt_sp_wrapper_paddings=\u00bb,,,\u00bb]\n\t\t\t<!-- START Particle Effect Two13 REVOLUTION SLIDER 6.3.4 --><p class=\"rs-p-wp-fix\"><\/p>\n\t\t\t<rs-module-wrap id=\"rev_slider_7_1_wrapper\" data-source=\"gallery\" style=\"background:#7b8f9a;padding:0;\">\n\t\t\t\t<rs-module id=\"rev_slider_7_1\" style=\"\" data-version=\"6.3.4\">\n\t\t\t\t\t<rs-slides>\n\t\t\t\t\t\t<rs-slide data-key=\"rs-17\" data-title=\"Example One\" data-anim=\"ei:power4.out;eo:power4.out;s:3300;r:0;t:fade;sl:d;\" data-rsparticles='{\"enable\":true,\"hideOnMobile\":false,\"particles\":{\"shape\":\"triangle\",\"number\":100,\"size\":15,\"sizeMin\":0.75},\"styles\":{\"lines\":{\"color\":\"#000000\",\"opacity\":20,\"distance\":200},\"particle\":{\"color\":\"#000000\",\"opacity\":55,\"opacityMin\":30,\"opacityRandom\":true}},\"movement\":{\"speedMin\":3,\"direction\":\"top\"},\"interactivity\":{\"hoverMode\":\"bubble\",\"clickMode\":\"repulse\"},\"bubble\":{\"size\":0,\"opacity\":5},\"repulse\":{\"distance\":500},\"pulse\":{\"size\":{\"min\":0.75},\"opacity\":{\"speed\":1}}}'>\n\t\t\t\t\t\t\t<img src=\"\/\/leggupmarketing.com\/wp-content\/uploads\/2021\/03\/WhatsApp-Image-2021-03-14-at-2.18.47-PM.jpeg\" title=\"WhatsApp Image 2021-03-14 at 2.18.47 PM\" width=\"1599\" height=\"899\" data-bg=\"p:center top;\" data-parallax=\"4\" data-panzoom=\"d:30000;ss:100;se:130;oe:0\/500;\" class=\"rev-slidebg\" data-no-retina>\n<!--\n\t\t\t\t\t\t\t--><rs-layer\n\t\t\t\t\t\t\t\tid=\"slider-7-slide-17-layer-6\" \n\t\t\t\t\t\t\t\tclass=\"rs-noevents\"\n\t\t\t\t\t\t\t\tdata-type=\"text\"\n\t\t\t\t\t\t\t\tdata-color=\"#ffffff\"\n\t\t\t\t\t\t\t\tdata-tsh=\"c:#000000;h:2px;v:2px;\"\n\t\t\t\t\t\t\t\tdata-rsp_ch=\"on\"\n\t\t\t\t\t\t\t\tdata-xy=\"x:c;y:c;yo:-70px;\"\n\t\t\t\t\t\t\t\tdata-text=\"s:60;l:80;ls:15px;fw:700;a:center;\"\n\t\t\t\t\t\t\t\tdata-wrpcls=\"tp-nopointer\"\n\t\t\t\t\t\t\t\tdata-padding=\"r:20;l:20;\"\n\t\t\t\t\t\t\t\tdata-frame_0=\"o:1;blu:10px;\"\n\t\t\t\t\t\t\t\tdata-frame_0_chars=\"d:2;x:-100px;sY:2;o:0;blu:10px;\"\n\t\t\t\t\t\t\t\tdata-frame_1=\"st:500;sp:500;sR:500;\"\n\t\t\t\t\t\t\t\tdata-frame_1_chars=\"d:2;\"\n\t\t\t\t\t\t\t\tdata-frame_999=\"st:w;sR:7680;auto:true;\"\n\t\t\t\t\t\t\t\tstyle=\"z-index:9;font-family:Poppins;\"\n\t\t\t\t\t\t\t>AGENCIA CREATIVA<br\/>MARKETING DIGITAL \n\t\t\t\t\t\t\t<\/rs-layer><!--\n\n\t\t\t\t\t\t\t--><rs-layer\n\t\t\t\t\t\t\t\tid=\"slider-7-slide-17-layer-8\" \n\t\t\t\t\t\t\t\tclass=\"rs-noevents\"\n\t\t\t\t\t\t\t\tdata-type=\"text\"\n\t\t\t\t\t\t\t\tdata-color=\"#ffffff\"\n\t\t\t\t\t\t\t\tdata-tsh=\"c:#000000;v:2px;\"\n\t\t\t\t\t\t\t\tdata-rsp_ch=\"on\"\n\t\t\t\t\t\t\t\tdata-xy=\"x:c;y:c;yo:81px;\"\n\t\t\t\t\t\t\t\tdata-text=\"s:17;l:25;ls:10px;fw:700;a:center;\"\n\t\t\t\t\t\t\t\tdata-wrpcls=\"tp-nopointer\"\n\t\t\t\t\t\t\t\tdata-frame_0=\"y:20px;blu:10px;\"\n\t\t\t\t\t\t\t\tdata-frame_1=\"e:power4.out;st:1000;sp:1000;sR:1000;\"\n\t\t\t\t\t\t\t\tdata-frame_999=\"st:w;sp:600;sR:7000;auto:true;\"\n\t\t\t\t\t\t\t\tstyle=\"z-index:10;font-family:Poppins;\"\n\t\t\t\t\t\t\t>SOMOS EQUIPO QUE DESARROLLA ESTRATEGIAS DE NEGOCIO.\n \n\t\t\t\t\t\t\t<\/rs-layer><!--\n\n\t\t\t\t\t\t\t--><rs-layer\n\t\t\t\t\t\t\t\tid=\"slider-7-slide-17-layer-12\" \n\t\t\t\t\t\t\t\tclass=\"tp-shape tp-shapewrapper\"\n\t\t\t\t\t\t\t\tdata-type=\"shape\"\n\t\t\t\t\t\t\t\tdata-xy=\"x:c;y:c;\"\n\t\t\t\t\t\t\t\tdata-text=\"fw:700;a:inherit;\"\n\t\t\t\t\t\t\t\tdata-dim=\"w:100%;h:100%;\"\n\t\t\t\t\t\t\t\tdata-basealign=\"slide\"\n\t\t\t\t\t\t\t\tdata-rsp_o=\"off\"\n\t\t\t\t\t\t\t\tdata-rsp_bd=\"off\"\n\t\t\t\t\t\t\t\tdata-blendmode=\"screen\"\n\t\t\t\t\t\t\t\tdata-frame_1=\"e:power4.out;st:500;sp:1000;sR:500;\"\n\t\t\t\t\t\t\t\tdata-frame_999=\"o:0;st:w;sR:7500;\"\n\t\t\t\t\t\t\t\tstyle=\"z-index:8;background-color:rgba(255,255,255,0);\"\n\t\t\t\t\t\t\t> \n\t\t\t\t\t\t\t<\/rs-layer><!--\n-->\t\t\t\t\t\t<\/rs-slide>\n\t\t\t\t\t<\/rs-slides>\n\t\t\t\t<\/rs-module>\n\t\t\t\t<script type=\"text\/javascript\">\n\t\t\t\t\tsetREVStartSize({c: 'rev_slider_7_1',rl:[1240,1025,778,480],el:[868],gw:[1240],gh:[868],type:'hero',justify:'',layout:'fullscreen',offsetContainer:'',offset:'60px',mh:\"0\"});\n\t\t\t\t\tvar\trevapi7,\n\t\t\t\t\t\ttpj;\n\t\t\t\t\tfunction revinit_revslider71() {\n\t\t\t\t\tjQuery(function() {\n\t\t\t\t\t\ttpj = jQuery;\n\t\t\t\t\t\trevapi7 = tpj(\"#rev_slider_7_1\");\n\t\t\t\t\t\tif(revapi7==undefined || revapi7.revolution == undefined){\n\t\t\t\t\t\t\trevslider_showDoubleJqueryError(\"rev_slider_7_1\");\n\t\t\t\t\t\t}else{\n\t\t\t\t\t\t\trevapi7.revolution({\n\t\t\t\t\t\t\t\tsliderType:\"hero\",\n\t\t\t\t\t\t\t\tsliderLayout:\"fullscreen\",\n\t\t\t\t\t\t\t\tvisibilityLevels:\"1240,1025,778,480\",\n\t\t\t\t\t\t\t\tgridwidth:1240,\n\t\t\t\t\t\t\t\tgridheight:868,\n\t\t\t\t\t\t\t\tperspective:600,\n\t\t\t\t\t\t\t\tperspectiveType:\"local\",\n\t\t\t\t\t\t\t\teditorheight:\"868,768,960,720\",\n\t\t\t\t\t\t\t\tresponsiveLevels:\"1240,1025,778,480\",\n\t\t\t\t\t\t\t\tfullScreenOffset:\"60px\",\n\t\t\t\t\t\t\t\tprogressBar:{disableProgressBar:true},\n\t\t\t\t\t\t\t\tnavigation: {\n\t\t\t\t\t\t\t\t\tonHoverStop:false\n\t\t\t\t\t\t\t\t},\n\t\t\t\t\t\t\t\tparallax: {\n\t\t\t\t\t\t\t\t\tlevels:[5,10,15,20,25,30,35,40,45,46,47,48,49,50,0,55],\n\t\t\t\t\t\t\t\t\ttype:\"scroll\",\n\t\t\t\t\t\t\t\t\torigo:\"slidercenter\"\n\t\t\t\t\t\t\t\t},\n\t\t\t\t\t\t\t\tfallbacks: {\n\t\t\t\t\t\t\t\t\tallowHTML5AutoPlayOnAndroid:true\n\t\t\t\t\t\t\t\t},\n\t\t\t\t\t\t\t});\n\t\t\t\t\t\t}\n\t\t\t\t\t\t\n\t\t\t\t\t\tBubbleMorphAddOn(jQuery, revapi7, false);\n\n                \t\tif(typeof RsParticlesAddOn !== \"undefined\") RsParticlesAddOn(revapi7);\n\n\t\t\t\t\t});\n\t\t\t\t\t} \/\/ End of RevInitScript\n\t\t\t\tvar once_revslider71 = false;\n\t\t\t\tif (document.readyState === \"loading\") {document.addEventListener('readystatechange',function() { if((document.readyState === \"interactive\" || document.readyState === \"complete\") && !once_revslider71 ) { once_revslider71 = true; revinit_revslider71();}});} else {once_revslider71 = true; revinit_revslider71();}\n\t\t\t\t<\/script>\n\t\t\t<\/rs-module-wrap>\n\t\t\t<!-- END REVOLUTION SLIDER -->\n[\/vc_column][\/vc_row][vc_row rt_row_background_width=\u00bbfullwidth\u00bb rt_row_content_width=\u00bbdefault\u00bb rt_row_style=\u00bbdefault-style\u00bb rt_row_height=\u00bb\u00bb rt_column_placement=\u00bbmiddle\u00bb rt_column_view=\u00bbequal_heights\u00bb rt_column_gaps=\u00bb\u00bb rt_row_shadows=\u00bb\u00bb rt_col_anim=\u00bbtrue\u00bb rt_row_borders=\u00bbbottom\u00bb rt_bg_effect=\u00bbclassic\u00bb rt_bg_image_repeat=\u00bbrepeat\u00bb rt_bg_size=\u00bbcover\u00bb rt_bg_position=\u00bbright top\u00bb rt_bg_attachment=\u00bbscroll\u00bb rt_bg_layer=\u00bb\u00bb rt_bg_video_format=\u00bbself-hosted\u00bb rt_row_paddings=\u00bbtrue\u00bb rt_padding_top=\u00bb60&#8243; rt_padding_bottom=\u00bb0&#8243; rt_class=\u00bbrt-1802213&#8243; rt_paddings=\u00bb40px,0px,,\u00bb rt_margins=\u00bb,,,\u00bb rt_content_margins=\u00bb,,,\u00bb rt_tablet_paddings=\u00bb,,,\u00bb rt_tablet_margins=\u00bb,,,\u00bb rt_tablet_content_margins=\u00bb,,,\u00bb rt_sp_paddings=\u00bb,,,\u00bb rt_sp_margins=\u00bb,,,\u00bb rt_sp_content_margins=\u00bb,,,\u00bb rt_bg_color=\u00bb#f2f2f2&#8243;][vc_column tablet_align=\u00bbcenter\u00bb mobile_align=\u00bbcenter\u00bb rt_bg_effect=\u00bbclassic\u00bb rt_bg_image_repeat=\u00bbrepeat\u00bb rt_bg_size=\u00bbauto auto\u00bb rt_bg_position=\u00bbright top\u00bb rt_bg_attachment=\u00bbscroll\u00bb rt_col_paddings=\u00bbtrue\u00bb rt_wrp_col_paddings=\u00bbfalse\u00bb tablet_text_align=\u00bb\u00bb mobile_text_align=\u00bb\u00bb class=\u00bbtablet-text-center\u00bb rt_bg_color=\u00bb\u00bb rt_bg_overlay_color=\u00bb\u00bb rt_padding_top=\u00bb40&#8243; rt_padding_bottom=\u00bb40&#8243; offset=\u00bbvc_col-md-6&#8243; rt_class=\u00bbrt-2595443&#8243; rt_margins=\u00bb,\u00bb rt_paddings=\u00bb20px,20px,,\u00bb rt_wrapper_paddings=\u00bb,,,\u00bb rt_tablet_margins=\u00bb,\u00bb rt_tablet_paddings=\u00bb,,,\u00bb rt_tablet_wrapper_paddings=\u00bb,,,\u00bb rt_sp_margins=\u00bb,\u00bb rt_sp_paddings=\u00bb,,,\u00bb rt_sp_wrapper_paddings=\u00bb,,,\u00bb]\n\t\t<article class=\"content-box content-box2 content-padding\">\n\t\t<div class=\"rt-heading-wrapper style-1\">\n\t\t\t\t\t\t<span class=\"punchline\">Acerca de Nosotros<\/span><a href=\"https:\/\/leggupmarketing.com\/nosotros\/\" target=\"_self\" title=\"Mas Informaci\u00f3n.\"><h3 class=\"rt-heading style-1 with_punchline\" >Legg Up Marketing Digital<\/h3><\/a>\n\t\t\t\t\t<\/div>\n\t\t<div class=\"content-holder\">\n\t\t\t<p>Contamos con amplia experiencia en branding, dise\u00f1o gr\u00e1fico, web programaci\u00f3n y marketing digital, te sorprender\u00e1n nuestros precios y el gran apoyo que tendr\u00e1s en todo momento.<\/p>\n\n\t\t\t<div class=\"button_wrapper  arrow rounded\"><a href=\"https:\/\/leggupmarketing.com\/nosotros\/\" target=\"_self\" title=\"Mas Informaci\u00f3n.\" class=\"button_  style-1 small\"><span><span>Mas Informaci\u00f3n.<\/span><\/span><\/a><\/div>\n\t\t<\/div>\n\t\t<\/article>\n\t\t[\/vc_column][vc_column rt_bg_effect=\u00bbclassic\u00bb rt_bg_image_repeat=\u00bbno-repeat\u00bb rt_bg_size=\u00bbcontain\u00bb rt_bg_position=\u00bbcenter center\u00bb rt_bg_attachment=\u00bbscroll\u00bb rt_col_paddings=\u00bbtrue\u00bb rt_wrp_col_paddings=\u00bbfalse\u00bb tablet_text_align=\u00bb\u00bb mobile_text_align=\u00bb\u00bb rt_bg_color=\u00bb\u00bb rt_bg_overlay_color=\u00bb\u00bb offset=\u00bbvc_col-md-6&#8243; rt_class=\u00bbrt-6381118&#8243; rt_margins=\u00bb,\u00bb rt_paddings=\u00bb20px,0,,\u00bb rt_wrapper_paddings=\u00bb,,,\u00bb rt_tablet_margins=\u00bb,\u00bb rt_tablet_paddings=\u00bb,,,\u00bb rt_tablet_wrapper_paddings=\u00bb,,,\u00bb rt_sp_margins=\u00bb,\u00bb rt_sp_paddings=\u00bb,,,\u00bb rt_sp_wrapper_paddings=\u00bb,,,\u00bb][vc_single_image image=\u00bb4978&#8243; img_size=\u00bbfull\u00bb alignment=\u00bbcenter\u00bb][\/vc_column][\/vc_row][vc_row rt_row_background_width=\u00bbfullwidth\u00bb rt_row_content_width=\u00bbdefault\u00bb rt_row_style=\u00bbdefault-style\u00bb rt_row_height=\u00bb\u00bb rt_column_view=\u00bbgrid\u00bb rt_column_gaps=\u00bb\u00bb rt_row_shadows=\u00bb\u00bb rt_col_anim=\u00bbtrue\u00bb rt_row_borders=\u00bbbottom\u00bb rt_bg_effect=\u00bbclassic\u00bb rt_bg_image_repeat=\u00bbrepeat\u00bb rt_bg_size=\u00bbcover\u00bb rt_bg_position=\u00bbright top\u00bb rt_bg_attachment=\u00bbscroll\u00bb rt_bg_layer=\u00bb\u00bb rt_bg_video_format=\u00bbself-hosted\u00bb rt_row_paddings=\u00bbfalse\u00bb rt_class=\u00bbrt-2743021&#8243; rt_paddings=\u00bb,,,\u00bb rt_margins=\u00bb,,,\u00bb rt_content_margins=\u00bb,,,\u00bb rt_tablet_paddings=\u00bb,,,\u00bb rt_tablet_margins=\u00bb,,,\u00bb rt_tablet_content_margins=\u00bb,,,\u00bb rt_sp_paddings=\u00bb,,,\u00bb rt_sp_margins=\u00bb,,,\u00bb rt_sp_content_margins=\u00bb,,,\u00bb][vc_column width=\u00bb1\/4&#8243; rt_bg_effect=\u00bbclassic\u00bb rt_bg_image_repeat=\u00bbrepeat\u00bb rt_bg_size=\u00bbauto auto\u00bb rt_bg_position=\u00bbright top\u00bb rt_bg_attachment=\u00bbscroll\u00bb]<article  class=\"icon-content-box icon-pos-top icon-style-6\"><div class=\"icon-holder\"><a href=\"https:\/\/leggupmarketing.com\/es\/branding\/\" title=\"M\u00e1s Informaci\u00f3n.\" target=\"_self\"><span class=\"icon-ecommerce-diamond\"><\/span><\/a><\/div><div class=\"text-holder\">\n\t<h6 class=\"heading\">\n\t\t<a href=\"https:\/\/leggupmarketing.com\/es\/branding\/\" title=\"Branding\" target=\"_self\">\n\t\t\tBranding\n\t\t<\/a>\n\t<\/h6> <p class=\"aligncenter\">Dise\u00f1amos materiales visuales profesionales para llevar su negocio al siguiente nivel.<\/p>\n<a class=\"read_more centered\" href=\"https:\/\/leggupmarketing.com\/es\/branding\/\" title=\"M\u00e1s Informaci\u00f3n.\" target=\"_self\">M\u00e1s Informaci\u00f3n.<\/a><\/div><\/article>[\/vc_column][vc_column width=\u00bb1\/4&#8243; rt_bg_effect=\u00bbclassic\u00bb rt_bg_image_repeat=\u00bbrepeat\u00bb rt_bg_size=\u00bbauto auto\u00bb rt_bg_position=\u00bbright top\u00bb rt_bg_attachment=\u00bbscroll\u00bb rt_class=\u00bbrt-8255757&#8243; rt_margins=\u00bb,\u00bb rt_paddings=\u00bb,,,\u00bb rt_wrapper_paddings=\u00bb,,,\u00bb rt_tablet_margins=\u00bb,\u00bb rt_tablet_paddings=\u00bb,,,\u00bb rt_tablet_wrapper_paddings=\u00bb,,,\u00bb rt_sp_margins=\u00bb,\u00bb rt_sp_paddings=\u00bb,,,\u00bb rt_sp_wrapper_paddings=\u00bb,,,\u00bb rt_bg_color=\u00bb\u00bb rt_bg_overlay_color=\u00bb\u00bb]<article  class=\"icon-content-box icon-pos-top icon-style-6\"><div class=\"icon-holder\"><a href=\"https:\/\/leggupmarketing.com\/social-media-marketing\/\" title=\"M\u00e1s Informaci\u00f3n.\" target=\"_self\"><span class=\"icon-basic-share\"><\/span><\/a><\/div><div class=\"text-holder\">\n\t<h6 class=\"heading\">\n\t\t<a href=\"https:\/\/leggupmarketing.com\/social-media-marketing\/\" title=\"Social Media Marketing\" target=\"_self\">\n\t\t\tSocial Media Marketing\n\t\t<\/a>\n\t<\/h6> <p class=\"aligncenter\">Fusionamos dise\u00f1o web y branding para crear una estrategia de marketing<\/p>\n<a class=\"read_more centered\" href=\"https:\/\/leggupmarketing.com\/social-media-marketing\/\" title=\"M\u00e1s Informaci\u00f3n.\" target=\"_self\">M\u00e1s Informaci\u00f3n.<\/a><\/div><\/article>[\/vc_column][vc_column width=\u00bb1\/4&#8243; rt_bg_effect=\u00bbclassic\u00bb rt_bg_image_repeat=\u00bbrepeat\u00bb rt_bg_size=\u00bbauto auto\u00bb rt_bg_position=\u00bbright top\u00bb rt_bg_attachment=\u00bbscroll\u00bb rt_class=\u00bbrt-5118887&#8243; rt_bg_color=\u00bb\u00bb rt_bg_overlay_color=\u00bb\u00bb]<article  class=\"icon-content-box icon-pos-top icon-style-6\"><div class=\"icon-holder\"><a href=\"https:\/\/leggupmarketing.com\/diseno-grafico\/\" title=\"M\u00e1s Informaci\u00f3n.\" target=\"_self\"><span class=\"icon-basic-picture\"><\/span><\/a><\/div><div class=\"text-holder\">\n\t<h6 class=\"heading\">\n\t\t<a href=\"https:\/\/leggupmarketing.com\/diseno-grafico\/\" title=\"Dise\u00f1o Grafico\" target=\"_self\">\n\t\t\tDise\u00f1o Grafico\n\t\t<\/a>\n\t<\/h6> <p class=\"aligncenter\">Creamos el material digital perfecto para cautivar a sus clientes potenciales.<\/p>\n<a class=\"read_more centered\" href=\"https:\/\/leggupmarketing.com\/diseno-grafico\/\" title=\"M\u00e1s Informaci\u00f3n.\" target=\"_self\">M\u00e1s Informaci\u00f3n.<\/a><\/div><\/article>[\/vc_column][vc_column width=\u00bb1\/4&#8243; rt_bg_effect=\u00bbclassic\u00bb rt_bg_image_repeat=\u00bbrepeat\u00bb rt_bg_size=\u00bbauto auto\u00bb rt_bg_position=\u00bbright top\u00bb rt_bg_attachment=\u00bbscroll\u00bb rt_class=\u00bbrt-8438202&#8243; rt_bg_color=\u00bb\u00bb rt_bg_overlay_color=\u00bb\u00bb]<article  class=\"icon-content-box icon-pos-top icon-style-6\"><div class=\"icon-holder\"><a href=\"https:\/\/leggupmarketing.com\/diseno-web\/\" title=\"M\u00e1s Informaci\u00f3n.\" target=\"_self\"><span class=\"icon-basic-display\"><\/span><\/a><\/div><div class=\"text-holder\">\n\t<h6 class=\"heading\">\n\t\t<a href=\"https:\/\/leggupmarketing.com\/diseno-web\/\" title=\"Dise\u00f1o Web\" target=\"_self\">\n\t\t\tDise\u00f1o Web\n\t\t<\/a>\n\t<\/h6> <p class=\"aligncenter\">Dise\u00f1amos, desarrollamos, programamos y optimizamos sitios web a la medida de las necesidades de tu marca.<\/p>\n<a class=\"read_more centered\" href=\"https:\/\/leggupmarketing.com\/diseno-web\/\" title=\"M\u00e1s Informaci\u00f3n.\" target=\"_self\">M\u00e1s Informaci\u00f3n.<\/a><\/div><\/article>[\/vc_column][\/vc_row][vc_row rt_row_background_width=\u00bbfullwidth\u00bb rt_row_content_width=\u00bbdefault\u00bb rt_row_style=\u00bbdefault-style\u00bb rt_row_height=\u00bb\u00bb rt_column_placement=\u00bbmiddle\u00bb rt_column_view=\u00bbequal_heights\u00bb rt_column_gaps=\u00bb\u00bb rt_row_shadows=\u00bb\u00bb rt_col_anim=\u00bbtrue\u00bb rt_row_borders=\u00bb\u00bb rt_bg_effect=\u00bbclassic\u00bb rt_bg_image_repeat=\u00bbrepeat\u00bb rt_bg_size=\u00bbcover\u00bb rt_bg_position=\u00bbright top\u00bb rt_bg_attachment=\u00bbscroll\u00bb rt_bg_layer=\u00bb\u00bb rt_bg_video_format=\u00bbself-hosted\u00bb rt_row_paddings=\u00bbtrue\u00bb rt_padding_top=\u00bb60&#8243; rt_padding_bottom=\u00bb60&#8243; rt_class=\u00bbrt-2105354&#8243; rt_paddings=\u00bb60px,60px,,\u00bb rt_margins=\u00bb,,,\u00bb rt_content_margins=\u00bb,,,\u00bb rt_tablet_paddings=\u00bb,,,\u00bb rt_tablet_margins=\u00bb,,,\u00bb rt_tablet_content_margins=\u00bb,,,\u00bb rt_sp_paddings=\u00bb,,,\u00bb rt_sp_margins=\u00bb,,,\u00bb rt_sp_content_margins=\u00bb,,,\u00bb][vc_column rt_bg_effect=\u00bbclassic\u00bb rt_bg_image_repeat=\u00bbno-repeat\u00bb rt_bg_size=\u00bbcontain\u00bb rt_bg_position=\u00bbcenter center\u00bb rt_bg_attachment=\u00bbscroll\u00bb rt_col_paddings=\u00bbtrue\u00bb rt_wrp_col_paddings=\u00bbfalse\u00bb tablet_text_align=\u00bb\u00bb mobile_text_align=\u00bb\u00bb rt_bg_color=\u00bb\u00bb rt_bg_overlay_color=\u00bb\u00bb rt_padding_top=\u00bb20&#8243; rt_padding_bottom=\u00bb20&#8243; offset=\u00bbvc_col-md-6&#8243; rt_class=\u00bbrt-3347513&#8243; rt_margins=\u00bb,\u00bb rt_paddings=\u00bb20px,20px,,\u00bb rt_wrapper_paddings=\u00bb,,,\u00bb rt_tablet_margins=\u00bb,\u00bb rt_tablet_paddings=\u00bb,,,\u00bb rt_tablet_wrapper_paddings=\u00bb,,,\u00bb rt_sp_margins=\u00bb,\u00bb rt_sp_paddings=\u00bb,,,\u00bb rt_sp_wrapper_paddings=\u00bb,,,\u00bb]<img class=\"retina-image aligncenter\" src=\"https:\/\/leggupmarketing.com\/wp-content\/uploads\/2017\/06\/map-2x-554x259.png\" width=\"554\" height=\"259\" alt=\"\" srcset=\"https:\/\/leggupmarketing.com\/wp-content\/uploads\/2017\/06\/map-2x.png 1.3x\" \/>[\/vc_column][vc_column tablet_align=\u00bbcenter\u00bb mobile_align=\u00bbcenter\u00bb rt_bg_effect=\u00bbclassic\u00bb rt_bg_image_repeat=\u00bbrepeat\u00bb rt_bg_size=\u00bbauto auto\u00bb rt_bg_position=\u00bbright top\u00bb rt_bg_attachment=\u00bbscroll\u00bb rt_col_paddings=\u00bbtrue\u00bb rt_wrp_col_paddings=\u00bbfalse\u00bb tablet_text_align=\u00bb\u00bb mobile_text_align=\u00bb\u00bb class=\u00bbtablet-text-center\u00bb rt_bg_color=\u00bb\u00bb rt_bg_overlay_color=\u00bb\u00bb rt_padding_top=\u00bb20&#8243; rt_padding_bottom=\u00bb20&#8243; offset=\u00bbvc_col-md-6&#8243; rt_class=\u00bbrt-2578296&#8243; rt_margins=\u00bb,\u00bb rt_paddings=\u00bb20px,20px,,\u00bb rt_wrapper_paddings=\u00bb,,,\u00bb rt_tablet_margins=\u00bb,\u00bb rt_tablet_paddings=\u00bb,,,\u00bb rt_tablet_wrapper_paddings=\u00bb,,,\u00bb rt_sp_margins=\u00bb,\u00bb rt_sp_paddings=\u00bb,,,\u00bb rt_sp_wrapper_paddings=\u00bb,,,\u00bb]\n\t\t<article class=\"content-box content-box2 content-padding\">\n\t\t<div class=\"rt-heading-wrapper style-1\">\n\t\t\t\t\t\t<a href=\"https:\/\/leggupmarketing.com\/contacto\/\" target=\"_self\" title=\"Contacto\"><h3 class=\"rt-heading style-1\" >Presencia Nacional e Internacional<\/h3><\/a>\n\t\t\t\t\t<\/div>\n\t\t<div class=\"content-holder\">\n\t\t\t<p class=\"p1\"><span class=\"s1\">Cont\u00e1ctanos y solicita tu cotizaci\u00f3n, solo completa los campos requeridos y nos pondremos en contacto a la brevedad. <strong>Trabajamos cualquier tipo de proyecto de manera local o remotamente en cualquier parte del mundo.<\/strong><br \/>\n<\/span><\/p>\n\n\t\t\t<div class=\"button_wrapper  arrow rounded\"><a href=\"https:\/\/leggupmarketing.com\/contacto\/\" target=\"_self\" title=\"Contacto\" class=\"button_  style-1 small\"><span><span>Contacto<\/span><\/span><\/a><\/div>\n\t\t<\/div>\n\t\t<\/article>\n\t\t[\/vc_column][\/vc_row][vc_row rt_row_background_width=\u00bbfullwidth\u00bb rt_row_content_width=\u00bbdefault\u00bb rt_row_style=\u00bbdefault-style\u00bb rt_row_height=\u00bb\u00bb rt_column_gaps=\u00bb\u00bb rt_row_shadows=\u00bb\u00bb rt_row_borders=\u00bb\u00bb rt_bg_effect=\u00bbclassic\u00bb rt_bg_image_repeat=\u00bbrepeat\u00bb rt_bg_size=\u00bbcover\u00bb rt_bg_position=\u00bbright top\u00bb rt_bg_attachment=\u00bbscroll\u00bb rt_bg_layer=\u00bb\u00bb rt_bg_video_format=\u00bbself-hosted\u00bb rt_class=\u00bbrt-2260521&#8243; rt_bg_color=\u00bb#f4f4f4&#8243;][vc_column rt_bg_effect=\u00bbclassic\u00bb rt_bg_image_repeat=\u00bbrepeat\u00bb rt_bg_size=\u00bbauto auto\u00bb rt_bg_position=\u00bbright top\u00bb rt_bg_attachment=\u00bbscroll\u00bb][vc_images_carousel images=\u00bb3908,3906,3904,3903,3905,3909&#8243; img_size=\u00bbfull\u00bb onclick=\u00bblink_no\u00bb slides_per_view=\u00bb6&#8243; hide_pagination_control=\u00bbyes\u00bb hide_prev_next_buttons=\u00bbyes\u00bb wrap=\u00bbyes\u00bb][\/vc_column][\/vc_row]<\/p>\n","protected":false},"excerpt":{"rendered":"<p>[vc_row rt_row_background_width=\u00bbfullwidth\u00bb rt_row_content_width=\u00bbfullwidth\u00bb rt_row_style=\u00bbdefault-style\u00bb rt_row_height=\u00bb\u00bb rt_column_gaps=\u00bb\u00bb rt_row_shadows=\u00bb\u00bb rt_row_borders=\u00bb\u00bb rt_bg_effect=\u00bbclassic\u00bb rt_bg_image_repeat=\u00bbno-repeat\u00bb rt_bg_size=\u00bbcover\u00bb rt_bg_position=\u00bbright top\u00bb rt_bg_attachment=\u00bbscroll\u00bb rt_bg_layer=\u00bb\u00bb rt_bg_video_format=\u00bbself-hosted\u00bb rt_row_paddings=\u00bbfalse\u00bb rt_class=\u00bbrt-797579&#8243; rt_paddings=\u00bb0,0,,\u00bb rt_margins=\u00bb,,,\u00bb rt_content_margins=\u00bb,,,\u00bb rt_tablet_paddings=\u00bb,,,\u00bb rt_tablet_margins=\u00bb,,,\u00bb rt_tablet_content_margins=\u00bb,,,\u00bb rt_sp_paddings=\u00bb,,,\u00bb rt_sp_margins=\u00bb,,,\u00bb rt_sp_content_margins=\u00bb,,,\u00bb][vc_column rt_column_shadow=\u00bbtrue\u00bb rt_bg_effect=\u00bbclassic\u00bb rt_bg_image_repeat=\u00bbrepeat\u00bb rt_bg_size=\u00bbauto auto\u00bb rt_bg_position=\u00bbright top\u00bb rt_bg_attachment=\u00bbscroll\u00bb rt_col_paddings=\u00bbfalse\u00bb rt_wrp_col_paddings=\u00bbfalse\u00bb tablet_text_align=\u00bb\u00bb mobile_text_align=\u00bb\u00bb rt_bg_color=\u00bb\u00bb rt_bg_overlay_color=\u00bb\u00bb rt_class=\u00bbrt-1405700&#8243; rt_margins=\u00bb,\u00bb rt_paddings=\u00bb,,0px,0px\u00bb rt_wrapper_paddings=\u00bb,,,\u00bb rt_tablet_margins=\u00bb,\u00bb rt_tablet_paddings=\u00bb,,,\u00bb rt_tablet_wrapper_paddings=\u00bb,,,\u00bb rt_sp_margins=\u00bb,\u00bb rt_sp_paddings=\u00bb,,,\u00bb rt_sp_wrapper_paddings=\u00bb,,,\u00bb][\/vc_column][\/vc_row][vc_row rt_row_background_width=\u00bbfullwidth\u00bb rt_row_content_width=\u00bbdefault\u00bb rt_row_style=\u00bbdefault-style\u00bb rt_row_height=\u00bb\u00bb [&hellip;]<\/p>\n","protected":false},"author":1,"featured_media":0,"parent":0,"menu_order":0,"comment_status":"closed","ping_status":"closed","template":"","meta":{"sfsi_plus_gutenberg_text_before_share":"","sfsi_plus_gutenberg_show_text_before_share":"","sfsi_plus_gutenberg_icon_type":"","sfsi_plus_gutenberg_icon_alignemt":"","sfsi_plus_gutenburg_max_per_row":""},"_links":{"self":[{"href":"https:\/\/leggupmarketing.com\/es\/wp-json\/wp\/v2\/pages\/4015\/"}],"collection":[{"href":"https:\/\/leggupmarketing.com\/es\/wp-json\/wp\/v2\/pages\/"}],"about":[{"href":"https:\/\/leggupmarketing.com\/es\/wp-json\/wp\/v2\/types\/page\/"}],"author":[{"embeddable":true,"href":"https:\/\/leggupmarketing.com\/es\/wp-json\/wp\/v2\/users\/1\/"}],"replies":[{"embeddable":true,"href":"https:\/\/leggupmarketing.com\/es\/wp-json\/wp\/v2\/comments\/?post=4015"}],"version-history":[{"count":44,"href":"https:\/\/leggupmarketing.com\/es\/wp-json\/wp\/v2\/pages\/4015\/revisions\/"}],"predecessor-version":[{"id":5301,"href":"https:\/\/leggupmarketing.com\/es\/wp-json\/wp\/v2\/pages\/4015\/revisions\/5301\/"}],"wp:attachment":[{"href":"https:\/\/leggupmarketing.com\/es\/wp-json\/wp\/v2\/media\/?parent=4015"}],"curies":[{"name":"wp","href":"https:\/\/api.w.org\/{rel}","templated":true}]}}